{"id":672,"date":"2021-05-21T07:37:50","date_gmt":"2021-05-21T07:37:50","guid":{"rendered":"https:\/\/alcesasl.com\/politica-de-privacidad\/"},"modified":"2023-05-26T13:59:30","modified_gmt":"2023-05-26T13:59:30","slug":"politica-de-privacitat","status":"publish","type":"page","link":"https:\/\/alcesasl.com\/ca\/politica-de-privacitat\/","title":{"rendered":"Pol\u00edtica de Privadesa"},"content":{"rendered":"<div class=\"wpb-content-wrapper\"><p>[vc_row css_animation=&#8221;&#8221; row_type=&#8221;row&#8221; use_row_as_full_screen_section=&#8221;no&#8221; type=&#8221;full_width&#8221; angled_section=&#8221;no&#8221; text_align=&#8221;left&#8221; background_image_as_pattern=&#8221;without_pattern&#8221; z_index=&#8221;&#8221; padding_bottom=&#8221;30&#8243;][vc_column width=&#8221;1\/6&#8243;][\/vc_column][vc_column width=&#8221;2\/3&#8243;][vc_column_text]<strong>Responsable Tractament:<\/strong> ALCESA PIPING, S.L.\u00a0 &#8211; B67551275, amb domicili a\u00a0 C\/ Jaume Balmes,20.\u00a0 08401 Granollers. Tel\u00e8fon 938495051 i mail: <u><a href=\"mailto:alcesa@alcesasl.com\">alcesa@alcesasl.com<\/a><\/u><\/p>\n<p>FINALITAT<\/p>\n<p>La finalitat de la creaci\u00f3, exist\u00e8ncia i manteniment \u00e9s el tractament de les dades amb exclusius fins de de poder fer efectiu el nostre servei , i realitzar la facturaci\u00f3 del mateix.<\/p>\n<p>&nbsp;<\/p>\n<h4>LEGITIMACI\u00d3<\/h4>\n<p>La base legal per al tractament de les seves dades \u00e9s l&#8217;execuci\u00f3 de la prestaci\u00f3 del servei entre el titular de la dada i el responsable del tractament i la informaci\u00f3 personal es conservar\u00e0 mentre es mantingui la prestaci\u00f3 del mateix o durant el temps estrictament necessari per complir amb les obligacions legals.<\/p>\n<p>&nbsp;<\/p>\n<h4>PER\u00cdODE DE CONSERVACI\u00d3<\/h4>\n<p>Les dades proporcionades es conservaran mentre es mantingui la prestaci\u00f3 del servei o durant els anys necessaris per complir amb les obligacions legals<\/p>\n<p>&nbsp;<\/p>\n<h4>DESTINATARIS<\/h4>\n<p>Mentre duri el tractament de les dades de l&#8217;interessa tALCESA PIPING, S.L.\u00a0 no cedir\u00e0 les dades a tercers, llevat que hi hagi obligaci\u00f3 legal.<\/p>\n<p>&nbsp;<\/p>\n<p>En els sup\u00f2sits que, per a la realitzaci\u00f3 de tractaments de tipus administratiu, fiscal, comptable i \/ o comercial, es compti amb els serveis de tercers, es formalitzar\u00e0 degudament el preceptiu contracte d&#8217;encarregat de tractament, amb la finalitat de garantir la seguretat i confidencialitat de les dades de l&#8217;interessat davant de tercers.<\/p>\n<p><strong><em>\u00a0<\/em><\/strong><\/p>\n<h4>DRETS<\/h4>\n<p>Les persones interessades tenen dret a accedir a les seves dades de car\u00e0cter personal, aix\u00ed com a sol\u00b7licitar-ne la rectificaci\u00f3 de les inexactes o, si escau, sol\u00b7licitar la supressi\u00f3 quan, entre d&#8217;altres motius, les dades ja no siguin necessaries per a la finalitat que van ser lliurades, aix\u00ed com retirar el consentiment atorgat. Tamb\u00e9 pot exercir el seu dret a la limitaci\u00f3 del tractament, de manera que les seves dades no seran suprimides per\u00f2 el tractament de les mateixes estar\u00e0 subjecte a limitacions.<\/p>\n<p>Els exercicis de portabilitat i automatitzaci\u00f3 de decisions no apliquen en aquest cas per la tipologia de dades i tractament de les mateixes.[\/vc_column_text][\/vc_column][vc_column width=&#8221;1\/6&#8243;][\/vc_column][\/vc_row][vc_row css_animation=&#8221;&#8221; row_type=&#8221;row&#8221; use_row_as_full_screen_section=&#8221;no&#8221; type=&#8221;full_width&#8221; angled_section=&#8221;no&#8221; text_align=&#8221;left&#8221; background_image_as_pattern=&#8221;without_pattern&#8221;][vc_column][vc_empty_space height=&#8221;82px&#8221;][\/vc_column][\/vc_row]<\/p>\n<\/div>","protected":false},"excerpt":{"rendered":"<p>[vc_row css_animation=&#8221;&#8221; row_type=&#8221;row&#8221; use_row_as_full_screen_section=&#8221;no&#8221; type=&#8221;full_width&#8221; angled_section=&#8221;no&#8221; text_align=&#8221;left&#8221; background_image_as_pattern=&#8221;without_pattern&#8221; z_index=&#8221;&#8221; padding_bottom=&#8221;30&#8243;][vc_column width=&#8221;1\/6&#8243;][\/vc_column][vc_column width=&#8221;2\/3&#8243;][vc_column_text]Responsable Tractament: ALCESA PIPING, S.L.\u00a0 &#8211; B67551275, amb domicili a\u00a0 C\/ Jaume Balmes,20.\u00a0 08401 Granollers. Tel\u00e8fon 938495051 i mail: alcesa@alcesasl.com FINALITAT La finalitat de la creaci\u00f3, exist\u00e8ncia i manteniment \u00e9s el tractament de les&#8230;<\/p>\n","protected":false},"author":1,"featured_media":0,"parent":0,"menu_order":0,"comment_status":"closed","ping_status":"closed","template":"","meta":{"footnotes":""},"class_list":["post-672","page","type-page","status-publish","hentry"],"_links":{"self":[{"href":"https:\/\/alcesasl.com\/ca\/wp-json\/wp\/v2\/pages\/672","targetHints":{"allow":["GET"]}}],"collection":[{"href":"https:\/\/alcesasl.com\/ca\/wp-json\/wp\/v2\/pages"}],"about":[{"href":"https:\/\/alcesasl.com\/ca\/wp-json\/wp\/v2\/types\/page"}],"author":[{"embeddable":true,"href":"https:\/\/alcesasl.com\/ca\/wp-json\/wp\/v2\/users\/1"}],"replies":[{"embeddable":true,"href":"https:\/\/alcesasl.com\/ca\/wp-json\/wp\/v2\/comments?post=672"}],"version-history":[{"count":5,"href":"https:\/\/alcesasl.com\/ca\/wp-json\/wp\/v2\/pages\/672\/revisions"}],"predecessor-version":[{"id":1868,"href":"https:\/\/alcesasl.com\/ca\/wp-json\/wp\/v2\/pages\/672\/revisions\/1868"}],"wp:attachment":[{"href":"https:\/\/alcesasl.com\/ca\/wp-json\/wp\/v2\/media?parent=672"}],"curies":[{"name":"wp","href":"https:\/\/api.w.org\/{rel}","templated":true}]}}