{"id":669,"date":"2021-05-21T07:35:13","date_gmt":"2021-05-21T07:35:13","guid":{"rendered":"https:\/\/alcesasl.com\/politica-de-cookies\/"},"modified":"2021-09-15T08:47:04","modified_gmt":"2021-09-15T08:47:04","slug":"politica-de-cookies","status":"publish","type":"page","link":"https:\/\/alcesasl.com\/ca\/politica-de-cookies\/","title":{"rendered":"Pol\u00edtica de Cookies"},"content":{"rendered":"<div class=\"wpb-content-wrapper\"><p>[vc_row css_animation=&#8221;&#8221; row_type=&#8221;row&#8221; use_row_as_full_screen_section=&#8221;no&#8221; type=&#8221;full_width&#8221; angled_section=&#8221;no&#8221; text_align=&#8221;left&#8221; background_image_as_pattern=&#8221;without_pattern&#8221; z_index=&#8221;&#8221; padding_bottom=&#8221;30&#8243;][vc_column width=&#8221;1\/6&#8243;][\/vc_column][vc_column width=&#8221;2\/3&#8243;][vc_column_text]<\/p>\n<p style=\"text-align: justify;\"><strong>ALCESA PIPING S.L.<\/strong> utiliza cookies para facilitar el acceso y navegaci\u00f3n por la misma as\u00ed como obtener datos estad\u00edsticos gen\u00e9ricos sobre los h\u00e1bitos de navegaci\u00f3n de los usuarios. Las mismas ser\u00e1n ubicadas en su terminal, ya sea ordenador, tablet o smartphone. Nada m\u00e1s acceder a la p\u00e1gina ser\u00e1s sucintamente informado de la descarga e instalaci\u00f3n de las mismas as\u00ed como de la existencia del presente texto informativo y de la posibilidad de desactivar las cookies. En caso de que no lo haga y contin\u00fae navegando por la p\u00e1gina, se entender\u00e1 que acepta la ubicaci\u00f3n de cookies en su terminal as\u00ed como su utilizaci\u00f3n. Si desea m\u00e1s informaci\u00f3n acerca de la gesti\u00f3n y desactivaci\u00f3n de cookies, por favor consulte el apartado \u201cGestionar las cookies\u201d de este texto.<\/p>\n<p>[\/vc_column_text][\/vc_column][vc_column width=&#8221;1\/6&#8243;][\/vc_column][\/vc_row][vc_row css_animation=&#8221;&#8221; row_type=&#8221;row&#8221; use_row_as_full_screen_section=&#8221;no&#8221; type=&#8221;full_width&#8221; angled_section=&#8221;no&#8221; text_align=&#8221;left&#8221; background_image_as_pattern=&#8221;without_pattern&#8221; z_index=&#8221;&#8221; padding_bottom=&#8221;30&#8243;][vc_column width=&#8221;1\/6&#8243;][\/vc_column][vc_column width=&#8221;2\/3&#8243;][vc_column_text]<\/p>\n<h4 style=\"text-align: justify;\">Definici\u00f3n de cookie<\/h4>\n<p style=\"text-align: justify;\"><img loading=\"lazy\" decoding=\"async\" class=\"alignnone wp-image-591 size-full\" src=\"https:\/\/alcesasl.com\/wp-content\/uploads\/2021\/05\/tipos-de-cookies.png\" alt=\"\" width=\"900\" height=\"902\" srcset=\"https:\/\/alcesasl.com\/wp-content\/uploads\/2021\/05\/tipos-de-cookies.png 900w, https:\/\/alcesasl.com\/wp-content\/uploads\/2021\/05\/tipos-de-cookies-300x300.png 300w, https:\/\/alcesasl.com\/wp-content\/uploads\/2021\/05\/tipos-de-cookies-150x150.png 150w, https:\/\/alcesasl.com\/wp-content\/uploads\/2021\/05\/tipos-de-cookies-768x770.png 768w, https:\/\/alcesasl.com\/wp-content\/uploads\/2021\/05\/tipos-de-cookies-570x570.png 570w, https:\/\/alcesasl.com\/wp-content\/uploads\/2021\/05\/tipos-de-cookies-500x500.png 500w, https:\/\/alcesasl.com\/wp-content\/uploads\/2021\/05\/tipos-de-cookies-700x702.png 700w\" sizes=\"auto, (max-width: 900px) 100vw, 900px\" \/><\/p>\n<p>[\/vc_column_text][\/vc_column][vc_column width=&#8221;1\/6&#8243;][\/vc_column][\/vc_row][vc_row css_animation=&#8221;&#8221; row_type=&#8221;row&#8221; use_row_as_full_screen_section=&#8221;no&#8221; type=&#8221;full_width&#8221; angled_section=&#8221;no&#8221; text_align=&#8221;left&#8221; background_image_as_pattern=&#8221;without_pattern&#8221; z_index=&#8221;&#8221; padding_bottom=&#8221;30&#8243;][vc_column width=&#8221;1\/6&#8243;][\/vc_column][vc_column width=&#8221;2\/3&#8243;][vc_column_text]<\/p>\n<h4 style=\"text-align: justify;\">Cookies Utilizadas:<\/h4>\n<p style=\"text-align: justify;\">Seg\u00fan lo dispuesto en el art\u00edculo 22.2 de la Ley 34\/2002, de 11 de julio, de Servicios de la Sociedad de la Informaci\u00f3n y de Comercio Electr\u00f3nico (LSSI-CE), <strong>ALCESA PIPING S.L.<\/strong>\u00a0informa de las cookies utilizadas en nuestra website:<\/p>\n<p style=\"text-align: justify;\"><img loading=\"lazy\" decoding=\"async\" class=\"alignnone size-full wp-image-592\" src=\"https:\/\/alcesasl.com\/wp-content\/uploads\/2021\/05\/tipos-de-cookies-utilizadas.png\" alt=\"\" width=\"900\" height=\"457\" srcset=\"https:\/\/alcesasl.com\/wp-content\/uploads\/2021\/05\/tipos-de-cookies-utilizadas.png 900w, https:\/\/alcesasl.com\/wp-content\/uploads\/2021\/05\/tipos-de-cookies-utilizadas-300x152.png 300w, https:\/\/alcesasl.com\/wp-content\/uploads\/2021\/05\/tipos-de-cookies-utilizadas-768x390.png 768w, https:\/\/alcesasl.com\/wp-content\/uploads\/2021\/05\/tipos-de-cookies-utilizadas-700x355.png 700w\" sizes=\"auto, (max-width: 900px) 100vw, 900px\" \/><\/p>\n<p>[\/vc_column_text][\/vc_column][vc_column width=&#8221;1\/6&#8243;][\/vc_column][\/vc_row][vc_row css_animation=&#8221;&#8221; row_type=&#8221;row&#8221; use_row_as_full_screen_section=&#8221;no&#8221; type=&#8221;full_width&#8221; angled_section=&#8221;no&#8221; text_align=&#8221;left&#8221; background_image_as_pattern=&#8221;without_pattern&#8221; z_index=&#8221;&#8221; padding_bottom=&#8221;30&#8243;][vc_column width=&#8221;1\/6&#8243;][\/vc_column][vc_column width=&#8221;2\/3&#8243;][vc_column_text]<\/p>\n<h4 style=\"text-align: justify;\">Gestionar las cookies<\/h4>\n<p style=\"text-align: justify;\">As\u00ed mismo, <strong>ALCESA PIPING S.L.<\/strong>\u00a0informa al usuario de que tiene la posibilidad de configurar su navegador de modo que se le informe de la recepci\u00f3n de cookies, pudiendo, si as\u00ed lo desea,impedir que sean instaladas en su disco duro.<br \/>\nA continuaci\u00f3n le proporcionamos los enlaces de diversos navegadores, a trav\u00e9s de los cuales podr\u00e1 desactivar y realizar dicha configuraci\u00f3n:<br \/>\n<a href=\"https:\/\/support.mozilla.org\/es\/kb\/habilitar-y-deshabilitar-cookies-sitios-web-rastrear-preferencias?redirectslug=habilitar-y-deshabilitar-cookies-que-los-sitios-we&amp;redirectlocale=es\" target=\"_blank\" rel=\"noopener\">Firefox desde aqu\u00ed<\/a><br \/>\n<a href=\"http:\/\/support.google.com\/chrome\/bin\/answer.py?hl=es&amp;answer=95647\" target=\"_blank\" rel=\"noopener\">Chrome desde aqu\u00ed<\/a><br \/>\n<a href=\"http:\/\/windows.microsoft.com\/es-es\/internet-explorer\/delete-managecookies#ie=ie-10\" target=\"_blank\" rel=\"noopener\">Explorer desde aqu\u00ed<\/a><br \/>\n<a href=\"http:\/\/support.apple.com\/kb\/ph5042\" target=\"_blank\" rel=\"noopener\">Safari desde aqu\u00ed<\/a><br \/>\n<a href=\"http:\/\/help.opera.com\/Windows\/11.50\/es-ES\/cookies.html\" target=\"_blank\" rel=\"noopener\">Opera desde aqu\u00ed<\/a><\/p>\n<p>[\/vc_column_text][\/vc_column][vc_column width=&#8221;1\/6&#8243;][\/vc_column][\/vc_row]<\/p>\n<\/div>","protected":false},"excerpt":{"rendered":"<p>[vc_row css_animation=&#8221;&#8221; row_type=&#8221;row&#8221; use_row_as_full_screen_section=&#8221;no&#8221; type=&#8221;full_width&#8221; angled_section=&#8221;no&#8221; text_align=&#8221;left&#8221; background_image_as_pattern=&#8221;without_pattern&#8221; z_index=&#8221;&#8221; padding_bottom=&#8221;30&#8243;][vc_column width=&#8221;1\/6&#8243;][\/vc_column][vc_column width=&#8221;2\/3&#8243;][vc_column_text] ALCESA PIPING S.L. utiliza cookies para facilitar el acceso y navegaci\u00f3n por la misma as\u00ed como obtener datos estad\u00edsticos gen\u00e9ricos sobre los h\u00e1bitos de navegaci\u00f3n de los usuarios. Las mismas ser\u00e1n ubicadas en&#8230;<\/p>\n","protected":false},"author":1,"featured_media":0,"parent":0,"menu_order":0,"comment_status":"closed","ping_status":"closed","template":"","meta":{"footnotes":""},"class_list":["post-669","page","type-page","status-publish","hentry"],"_links":{"self":[{"href":"https:\/\/alcesasl.com\/ca\/wp-json\/wp\/v2\/pages\/669","targetHints":{"allow":["GET"]}}],"collection":[{"href":"https:\/\/alcesasl.com\/ca\/wp-json\/wp\/v2\/pages"}],"about":[{"href":"https:\/\/alcesasl.com\/ca\/wp-json\/wp\/v2\/types\/page"}],"author":[{"embeddable":true,"href":"https:\/\/alcesasl.com\/ca\/wp-json\/wp\/v2\/users\/1"}],"replies":[{"embeddable":true,"href":"https:\/\/alcesasl.com\/ca\/wp-json\/wp\/v2\/comments?post=669"}],"version-history":[{"count":3,"href":"https:\/\/alcesasl.com\/ca\/wp-json\/wp\/v2\/pages\/669\/revisions"}],"predecessor-version":[{"id":772,"href":"https:\/\/alcesasl.com\/ca\/wp-json\/wp\/v2\/pages\/669\/revisions\/772"}],"wp:attachment":[{"href":"https:\/\/alcesasl.com\/ca\/wp-json\/wp\/v2\/media?parent=669"}],"curies":[{"name":"wp","href":"https:\/\/api.w.org\/{rel}","templated":true}]}}