{"id":666,"date":"2021-05-21T07:30:52","date_gmt":"2021-05-21T07:30:52","guid":{"rendered":"https:\/\/alcesasl.com\/aviso-legal\/"},"modified":"2023-05-26T14:01:36","modified_gmt":"2023-05-26T14:01:36","slug":"avis-legal","status":"publish","type":"page","link":"https:\/\/alcesasl.com\/ca\/avis-legal\/","title":{"rendered":"Av\u00eds Legal"},"content":{"rendered":"<div class=\"wpb-content-wrapper\"><p>[vc_row css_animation=&#8221;&#8221; row_type=&#8221;row&#8221; use_row_as_full_screen_section=&#8221;no&#8221; type=&#8221;full_width&#8221; angled_section=&#8221;no&#8221; text_align=&#8221;left&#8221; background_image_as_pattern=&#8221;without_pattern&#8221; z_index=&#8221;&#8221; padding_bottom=&#8221;30&#8243;][vc_column width=&#8221;1\/6&#8243;][\/vc_column][vc_column width=&#8221;2\/3&#8243;][vc_column_text]El prop\u00f2sit d&#8217;aquest Av\u00eds Legal, \u00e9s informar als usuaris de <u><a href=\"http:\/\/www.alcesasl.com\">www.alcesasl.com<\/a><\/u> , domiciliada a, C\/ Jaume Balmes,20, 08401, Granollers,la ra\u00f3 social del Responsable de tractament \u00e9s ALCESA PIPING, S.L. , de quina \u00e9s la seva pol\u00edtica de protecci\u00f3 de la privacitat i confidencialitat de les dades de car\u00e0cter personal que els seus usuaris faciliten de forma lliure i volunt\u00e0ria.<\/p>\n<p>&nbsp;<\/p>\n<p>ALCESA PIPING, S.L.\u00a0 posa en coneixement que disposa de les seves dades de car\u00e0cter personal especificades en el corresponent registre d&#8217;activitats del tractament de l&#8217;empresa denominat Gesti\u00f3 d&#8217;Usuaris Web.<\/p>\n<p>&nbsp;<\/p>\n<p>La base legal per al tractament de les seves dades \u00e9s el consentiment obtingut del propi titular del tractament en el moment de complimentar el nostre formulari online i acceptar de forma expressa el mateix.<\/p>\n<p>&nbsp;<\/p>\n<p>La finalitat de la creaci\u00f3, exist\u00e8ncia i manteniment \u00e9s el tractament de la informaci\u00f3 amb les exclusives finalitats de poder fer efectiva la sol\u00b7licitud d&#8217;informaci\u00f3 que es realitza a trav\u00e9s d&#8217;aquesta via.<\/p>\n<p>&nbsp;<\/p>\n<p>Els destinataris de la informaci\u00f3 s\u00f3n tots els departaments, compartiments, locals i entitats associades en els quals s&#8217;organitzen ALCESA PIPING, S.L. . i no seran cedits a cap tercer excepte en els casos que existeix una obligaci\u00f3 legal.<\/p>\n<p>&nbsp;<\/p>\n<p>En tot cas, vost\u00e8 t\u00e9 dret a obtenir la confirmaci\u00f3 sobre si a ALCESA PIPING, S.L. , estem tractant les seves dades personals per tant t\u00e9 dret a accedir a les seves dades personals, rectificar les dades inexactes o sol\u00b7licitar-ne la supressi\u00f3 quan la informaci\u00f3 ja no sigui necessaris.<\/p>\n<p>&nbsp;<\/p>\n<p>Tots els camps del formulari on-line son d\u00b4 obligada complimentaci\u00f3 per poder fer efectiva la seva sol\u00b7licitud d&#8217;informaci\u00f3 .<\/p>\n<p>&nbsp;<\/p>\n<p>La Web <u><a href=\"http:\/\/www.alcesasl.com\">www.alcesasl.com<\/a><\/u>\u00a0 ha adoptat les mesures d&#8217;\u00edndole t\u00e8cnica i organitzatives necess\u00e0ries, segons el nivell de seguretat de protecci\u00f3 de dades que correspongui legalment, per garantir la seguretat del tractament de dades de car\u00e0cter personal que constitueix el seu tratament automatitzat. No obstant aix\u00f2, el usuari ha de ser conscient que en l&#8217;actualitat les mesures de seguretat a Internet no s\u00f3n imprevisibles i per tant no est\u00e1n exemptes de possibles intromissions il\u00b7legals i indegudes que no serien responsabilitat de ALCESA PIPING, S.L. , ja que ha actuat amb la dilig\u00e8ncia deguda per protegir les dades conforme determina la llei.<\/p>\n<p>&nbsp;<\/p>\n<p>La pol\u00edtica de cookies de la Web <u><a href=\"http:\/\/www.alcesasl.com\">www.alcesasl.com<\/a><\/u> es troba determinada en el corresponent apartat.<\/p>\n<p>&nbsp;<\/p>\n<p>La Web <u><a href=\"http:\/\/www.alcesasl.com\">www.alcesasl.com<\/a><\/u>\u00a0 far\u00e0 tot el possible perqu\u00e8 la seva informaci\u00f3 estigui sempre actualitzada. No obstant aix\u00f2, la responsabilitat sobre la qualitat de les dades dep\u00e8n del titular de les mateixes, d&#8217;aqu\u00ed que si existeix una modificaci\u00f3 dels dades, l&#8217;usuari de la web els comunicar\u00e0 al Responsable del Tractament, declinant tota responsabilitat en cas que ometi la seva obligaci\u00f3 de notificar els canvis.<\/p>\n<p>&nbsp;<\/p>\n<p>La prestaci\u00f3 del servei d&#8217;aquesta web i les presents condicions d&#8217;\u00fas del lloc web es regeixen per la Llei Espanyola. Per qualsevol discrep\u00e0ncia en l&#8217;execuci\u00f3, interpretaci\u00f3, compliment d&#8217;aquestes condicions, les parts es sotmeten als Jutjats i Tribunals competents.[\/vc_column_text][\/vc_column][vc_column width=&#8221;1\/6&#8243;][\/vc_column][\/vc_row][vc_row css_animation=&#8221;&#8221; row_type=&#8221;row&#8221; use_row_as_full_screen_section=&#8221;no&#8221; type=&#8221;full_width&#8221; angled_section=&#8221;no&#8221; text_align=&#8221;left&#8221; background_image_as_pattern=&#8221;without_pattern&#8221; z_index=&#8221;&#8221; padding_bottom=&#8221;30&#8243;][vc_column width=&#8221;1\/6&#8243;][\/vc_column][vc_column width=&#8221;2\/3&#8243;][vc_empty_space height=&#8221;82px&#8221;][\/vc_column][vc_column width=&#8221;1\/6&#8243;][\/vc_column][\/vc_row]<\/p>\n<\/div>","protected":false},"excerpt":{"rendered":"<p>[vc_row css_animation=&#8221;&#8221; row_type=&#8221;row&#8221; use_row_as_full_screen_section=&#8221;no&#8221; type=&#8221;full_width&#8221; angled_section=&#8221;no&#8221; text_align=&#8221;left&#8221; background_image_as_pattern=&#8221;without_pattern&#8221; z_index=&#8221;&#8221; padding_bottom=&#8221;30&#8243;][vc_column width=&#8221;1\/6&#8243;][\/vc_column][vc_column width=&#8221;2\/3&#8243;][vc_column_text]El prop\u00f2sit d&#8217;aquest Av\u00eds Legal, \u00e9s informar als usuaris de www.alcesasl.com , domiciliada a, C\/ Jaume Balmes,20, 08401, Granollers,la ra\u00f3 social del Responsable de tractament \u00e9s ALCESA PIPING, S.L. , de quina \u00e9s la&#8230;<\/p>\n","protected":false},"author":1,"featured_media":0,"parent":0,"menu_order":0,"comment_status":"closed","ping_status":"closed","template":"","meta":{"footnotes":""},"class_list":["post-666","page","type-page","status-publish","hentry"],"_links":{"self":[{"href":"https:\/\/alcesasl.com\/ca\/wp-json\/wp\/v2\/pages\/666","targetHints":{"allow":["GET"]}}],"collection":[{"href":"https:\/\/alcesasl.com\/ca\/wp-json\/wp\/v2\/pages"}],"about":[{"href":"https:\/\/alcesasl.com\/ca\/wp-json\/wp\/v2\/types\/page"}],"author":[{"embeddable":true,"href":"https:\/\/alcesasl.com\/ca\/wp-json\/wp\/v2\/users\/1"}],"replies":[{"embeddable":true,"href":"https:\/\/alcesasl.com\/ca\/wp-json\/wp\/v2\/comments?post=666"}],"version-history":[{"count":4,"href":"https:\/\/alcesasl.com\/ca\/wp-json\/wp\/v2\/pages\/666\/revisions"}],"predecessor-version":[{"id":1870,"href":"https:\/\/alcesasl.com\/ca\/wp-json\/wp\/v2\/pages\/666\/revisions\/1870"}],"wp:attachment":[{"href":"https:\/\/alcesasl.com\/ca\/wp-json\/wp\/v2\/media?parent=666"}],"curies":[{"name":"wp","href":"https:\/\/api.w.org\/{rel}","templated":true}]}}