{"id":645,"date":"2016-02-19T14:58:13","date_gmt":"2016-02-19T14:58:13","guid":{"rendered":"https:\/\/alcesasl.com\/proyectos-realizados\/"},"modified":"2021-10-15T11:59:25","modified_gmt":"2021-10-15T11:59:25","slug":"projectes-realitzats","status":"publish","type":"page","link":"https:\/\/alcesasl.com\/ca\/projectes-realitzats\/","title":{"rendered":"Projectes realitzats"},"content":{"rendered":"<div class=\"wpb-content-wrapper\"><p>[vc_row css_animation=&#8221;&#8221; row_type=&#8221;row&#8221; use_row_as_full_screen_section=&#8221;no&#8221; type=&#8221;grid&#8221; angled_section=&#8221;no&#8221; text_align=&#8221;left&#8221; background_image_as_pattern=&#8221;without_pattern&#8221; css=&#8221;.vc_custom_1455889023853{padding-top: 150px !important;}&#8221;][vc_column offset=&#8221;vc_col-lg-4 vc_col-md-4&#8243;][vc_single_image image=&#8221;584&#8243; img_size=&#8221;full&#8221; qode_css_animation=&#8221;&#8221;][vc_separator type=&#8221;transparent&#8221; thickness=&#8221;0&#8243; up=&#8221;38&#8243; down=&#8221;0&#8243;][vc_column_text]<\/p>\n<h3>Morchem &#8211; Guadalajara<\/h3>\n<p>[\/vc_column_text][vc_separator type=&#8221;small&#8221; position=&#8221;left&#8221; width=&#8221;20&#8243; up=&#8221;7&#8243; down=&#8221;30&#8243;][vc_column_text]Adjudicaci\u00f3 de l&#8217;ampliaci\u00f3 de la nova planta de Morchem (fabricaci\u00f3 d&#8217;adhesius), a Fontanar Guadalajara.[\/vc_column_text][vc_separator type=&#8221;transparent&#8221; thickness=&#8221;0&#8243; up=&#8221;50&#8243; down=&#8221;0&#8243;][\/vc_column][vc_column offset=&#8221;vc_col-lg-4 vc_col-md-4&#8243;][vc_single_image image=&#8221;583&#8243; img_size=&#8221;full&#8221; qode_css_animation=&#8221;&#8221;][vc_separator type=&#8221;transparent&#8221; thickness=&#8221;0&#8243; up=&#8221;38&#8243; down=&#8221;0&#8243;][vc_column_text]<\/p>\n<h3>Bunge &#8211; Barcelona<\/h3>\n<p>[\/vc_column_text][vc_separator type=&#8221;small&#8221; position=&#8221;left&#8221; width=&#8221;20&#8243; up=&#8221;7&#8243; down=&#8221;30&#8243;][vc_column_text]Millora del sistema d\u2019aire i parada t\u00e8cnica de 3 mesos.<\/p>\n<p>Serveis de manteniment mec\u00e0nic de les instal\u00b7lacions i maquin\u00e0ria.[\/vc_column_text][vc_separator type=&#8221;transparent&#8221; thickness=&#8221;0&#8243; up=&#8221;50&#8243; down=&#8221;0&#8243;][\/vc_column][vc_column offset=&#8221;vc_col-lg-4 vc_col-md-4&#8243;][vc_single_image image=&#8221;586&#8243; img_size=&#8221;full&#8221; qode_css_animation=&#8221;&#8221;][vc_separator type=&#8221;transparent&#8221; thickness=&#8221;0&#8243; up=&#8221;38&#8243; down=&#8221;0&#8243;][vc_column_text]<\/p>\n<h3>Tepsa &#8211; Val\u00e8ncia<\/h3>\n<p>[\/vc_column_text][vc_separator type=&#8221;small&#8221; position=&#8221;left&#8221; width=&#8221;20&#8243; up=&#8221;7&#8243; down=&#8221;30&#8243;][vc_column_text]Tepsa port de Val\u00e8ncia; Fossat de bombes i l\u00ednies de tr\u00e0fec.[\/vc_column_text][vc_separator type=&#8221;transparent&#8221; thickness=&#8221;0&#8243; up=&#8221;50&#8243; down=&#8221;0&#8243;][\/vc_column][\/vc_row][vc_row css_animation=&#8221;&#8221; row_type=&#8221;row&#8221; use_row_as_full_screen_section=&#8221;no&#8221; type=&#8221;grid&#8221; angled_section=&#8221;no&#8221; text_align=&#8221;left&#8221; background_image_as_pattern=&#8221;without_pattern&#8221; css=&#8221;.vc_custom_1455889179372{padding-top: 31px !important;}&#8221;][vc_column offset=&#8221;vc_col-lg-4 vc_col-md-4&#8243;][vc_single_image image=&#8221;750&#8243; img_size=&#8221;full&#8221; qode_css_animation=&#8221;&#8221;][vc_separator type=&#8221;transparent&#8221; thickness=&#8221;0&#8243; up=&#8221;38&#8243; down=&#8221;0&#8243;][vc_column_text]<\/p>\n<h3>Tepsa &#8211; Barcelona<\/h3>\n<p>[\/vc_column_text][vc_separator type=&#8221;small&#8221; position=&#8221;left&#8221; width=&#8221;20&#8243; up=&#8221;7&#8243; down=&#8221;30&#8243;][vc_column_text]Tepsa port de Barcelona; Serpent\u00ed calefactor en tanc d&#8217;emmagatzematge.[\/vc_column_text][vc_separator type=&#8221;transparent&#8221; thickness=&#8221;0&#8243; up=&#8221;50&#8243; down=&#8221;0&#8243;][\/vc_column][vc_column offset=&#8221;vc_col-lg-4 vc_col-md-4&#8243;][vc_separator type=&#8221;transparent&#8221; thickness=&#8221;0&#8243; up=&#8221;38&#8243; down=&#8221;0&#8243;][\/vc_column][vc_column offset=&#8221;vc_col-lg-4 vc_col-md-4&#8243;][vc_separator type=&#8221;transparent&#8221; thickness=&#8221;0&#8243; up=&#8221;38&#8243; down=&#8221;0&#8243;][\/vc_column][\/vc_row][vc_row css_animation=&#8221;&#8221; row_type=&#8221;row&#8221; use_row_as_full_screen_section=&#8221;no&#8221; type=&#8221;full_width&#8221; angled_section=&#8221;no&#8221; text_align=&#8221;center&#8221; background_image_as_pattern=&#8221;without_pattern&#8221;][vc_column]<div class=\"call_to_action simple\" style=\"background-color: #2b2c2e;padding-top: 40px;padding-bottom: 40px;\"><div class=\"container_inner\"><div class=\"text_wrapper column1\"><div class=\"call_to_action_text  font_size_inherit font_weight_inherit letter_spacing_inherit\" style=\"font-size:16px;font-weight: 600;letter-spacing: -1px;\"><\/div><a itemprop=\"url\" href=\"https:\/\/alcesasl.com\/ca\/contacte\/\" class=\"qbutton white medium\" target=\"_self\" style=\"\" data-hover-background-color=#ffffff data-hover-color=#303030>sol\u00b7licitud pressupost<\/a><\/div><\/div><\/div>[\/vc_column][\/vc_row]<\/p>\n<\/div>","protected":false},"excerpt":{"rendered":"<p>[vc_row css_animation=&#8221;&#8221; row_type=&#8221;row&#8221; use_row_as_full_screen_section=&#8221;no&#8221; type=&#8221;grid&#8221; angled_section=&#8221;no&#8221; text_align=&#8221;left&#8221; background_image_as_pattern=&#8221;without_pattern&#8221; css=&#8221;.vc_custom_1455889023853{padding-top: 150px !important;}&#8221;][vc_column offset=&#8221;vc_col-lg-4 vc_col-md-4&#8243;][vc_single_image image=&#8221;584&#8243; img_size=&#8221;full&#8221; qode_css_animation=&#8221;&#8221;][vc_separator type=&#8221;transparent&#8221; thickness=&#8221;0&#8243; up=&#8221;38&#8243; down=&#8221;0&#8243;][vc_column_text] Morchem &#8211; Guadalajara [\/vc_column_text][vc_separator type=&#8221;small&#8221; position=&#8221;left&#8221; width=&#8221;20&#8243; up=&#8221;7&#8243; down=&#8221;30&#8243;][vc_column_text]Adjudicaci\u00f3 de l&#8217;ampliaci\u00f3 de la nova planta de Morchem (fabricaci\u00f3 d&#8217;adhesius), a Fontanar Guadalajara.[\/vc_column_text][vc_separator type=&#8221;transparent&#8221; thickness=&#8221;0&#8243; up=&#8221;50&#8243;&#8230;<\/p>\n","protected":false},"author":1,"featured_media":0,"parent":0,"menu_order":0,"comment_status":"closed","ping_status":"closed","template":"full_width.php","meta":{"footnotes":""},"class_list":["post-645","page","type-page","status-publish","hentry"],"_links":{"self":[{"href":"https:\/\/alcesasl.com\/ca\/wp-json\/wp\/v2\/pages\/645","targetHints":{"allow":["GET"]}}],"collection":[{"href":"https:\/\/alcesasl.com\/ca\/wp-json\/wp\/v2\/pages"}],"about":[{"href":"https:\/\/alcesasl.com\/ca\/wp-json\/wp\/v2\/types\/page"}],"author":[{"embeddable":true,"href":"https:\/\/alcesasl.com\/ca\/wp-json\/wp\/v2\/users\/1"}],"replies":[{"embeddable":true,"href":"https:\/\/alcesasl.com\/ca\/wp-json\/wp\/v2\/comments?post=645"}],"version-history":[{"count":14,"href":"https:\/\/alcesasl.com\/ca\/wp-json\/wp\/v2\/pages\/645\/revisions"}],"predecessor-version":[{"id":1072,"href":"https:\/\/alcesasl.com\/ca\/wp-json\/wp\/v2\/pages\/645\/revisions\/1072"}],"wp:attachment":[{"href":"https:\/\/alcesasl.com\/ca\/wp-json\/wp\/v2\/media?parent=645"}],"curies":[{"name":"wp","href":"https:\/\/api.w.org\/{rel}","templated":true}]}}