{"id":636,"date":"2016-02-19T13:26:18","date_gmt":"2016-02-19T13:26:18","guid":{"rendered":"https:\/\/alcesasl.com\/servicios\/"},"modified":"2021-11-18T12:07:14","modified_gmt":"2021-11-18T12:07:14","slug":"serveis","status":"publish","type":"page","link":"https:\/\/alcesasl.com\/ca\/serveis\/","title":{"rendered":"Serveis"},"content":{"rendered":"<div class=\"wpb-content-wrapper\"><p>[vc_row css_animation=&#8221;&#8221; row_type=&#8221;row&#8221; use_row_as_full_screen_section=&#8221;no&#8221; type=&#8221;grid&#8221; angled_section=&#8221;no&#8221; text_align=&#8221;left&#8221; background_image_as_pattern=&#8221;without_pattern&#8221; css=&#8221;.vc_custom_1621505881731{padding-top: 100px !important;padding-bottom: 70px !important;}&#8221; z_index=&#8221;&#8221;][vc_column width=&#8221;1\/2&#8243;][vc_column_text]<\/p>\n<h2><strong>Mantenimient<\/strong><\/h2>\n<p>[\/vc_column_text][vc_separator type=&#8221;small&#8221; position=&#8221;left&#8221;][vc_column_text]<\/p>\n<h4><\/h4>\n<h4><\/h4>\n<h4>Realitzem serveis de manteniment multit\u00e8cnic, tant preventiu com correctiu,\u00a0 de plantes industrials del sector:<\/h4>\n<p>&nbsp;<\/p>\n<h5>\u2013 Alimentari<\/h5>\n<h5>\u2013 Qu\u00edmic<\/h5>\n<h5>\u2013 Farmac\u00e8utic<\/h5>\n<h5>\u2013 Cosm\u00e8tic<\/h5>\n<p>[\/vc_column_text][vc_separator type=&#8221;transparent&#8221; thickness=&#8221;0&#8243; up=&#8221;33&#8243; down=&#8221;0&#8243;][vc_column_text]<\/p>\n<p>&nbsp;<\/p>\n<p style=\"text-align: justify;\">Per la gesti\u00f3 de l&#8217;activitat Preventiva de l&#8217;empresa, comptem amb el Servei de Prevenci\u00f3 ali\u00e8, contractat amb Sis Prevenci\u00f3, S.L., en les 4 especialitats: Seguretat e Higiene, Vigil\u00e0ncia Sanit\u00e0ria, Ergonomia i Psicosociologia.<\/p>\n<p>&nbsp;<\/p>\n<p style=\"text-align: justify;\">La vigil\u00e0ncia de la salut i la formaci\u00f3 PRL de tots els treballadors, es realitzen anualment. Els directius i els caps d&#8217;equip, tenen el Certificat de Nivell B\u00e0sic en PRL d&#8217;acord amb l&#8217;annex IV de R.D. 39\/1997.<\/p>\n<p>&nbsp;<\/p>\n<p style=\"text-align: justify;\">En el nostre dia a dia, forma una part important, la seguretat i la salut en el treball, tal i com estableix la LLei de Prevenci\u00f3 de Riscos Laborals 31\/1995 de 8 de novembre. Disposem de les Avaluacions de Riscos i Planificacions Preventives, aix\u00ed com la informaci\u00f3 i coordinaci\u00f3 dels riscos espec\u00edfics, en els diferents llocs de treball, en compliment de la Llei de Prevenci\u00f3 de Riscos Laborals i els Reials Decrets.<\/p>\n<p>[\/vc_column_text][vc_separator type=&#8221;transparent&#8221; thickness=&#8221;0&#8243; up=&#8221;70&#8243; down=&#8221;0&#8243;][\/vc_column][vc_column width=&#8221;1\/2&#8243;][vc_single_image image=&#8221;587&#8243; img_size=&#8221;full&#8221; qode_css_animation=&#8221;&#8221;][vc_separator type=&#8221;transparent&#8221; thickness=&#8221;0&#8243; up=&#8221;70&#8243; down=&#8221;0&#8243;][\/vc_column][\/vc_row][vc_row css_animation=&#8221;&#8221; row_type=&#8221;row&#8221; use_row_as_full_screen_section=&#8221;no&#8221; type=&#8221;grid&#8221; angled_section=&#8221;no&#8221; text_align=&#8221;center&#8221; background_image_as_pattern=&#8221;without_pattern&#8221; background_color=&#8221;#f7f7f7&#8243; css=&#8221;.vc_custom_1621505890858{padding-top: 126px !important;padding-bottom: 86px !important;}&#8221; z_index=&#8221;&#8221;][vc_column offset=&#8221;vc_col-lg-6 vc_col-md-6&#8243;][vc_column_text]<\/p>\n<h2 style=\"text-align: left;\">Muntatges industrials<\/h2>\n<p>[\/vc_column_text][vc_separator type=&#8221;small&#8221; position=&#8221;left&#8221;][vc_column_text]<\/p>\n<h4 style=\"text-align: justify;\">Per a la realitzaci\u00f3 dels projectes, disposem d&#8217;un equip de professionals amb un alt nivell t\u00e8cnic.<\/h4>\n<p>[\/vc_column_text][vc_separator type=&#8221;transparent&#8221; thickness=&#8221;0&#8243; up=&#8221;33&#8243; down=&#8221;0&#8243;][vc_column_text]<\/p>\n<h5 style=\"text-align: left;\">Sectors:<\/h5>\n<p>&nbsp;<\/p>\n<p style=\"text-align: left;\">\u2022 Qu\u00edmic<br \/>\n\u2022 Farmac\u00e8utic<br \/>\n\u2022 Alimentari<br \/>\n\u2022 Cosm\u00e8tic<\/p>\n<p>[\/vc_column_text][vc_separator type=&#8221;transparent&#8221; thickness=&#8221;0&#8243; up=&#8221;33&#8243; down=&#8221;0&#8243;][vc_separator type=&#8221;transparent&#8221; thickness=&#8221;0&#8243; up=&#8221;33&#8243; down=&#8221;0&#8243;][vc_column_text]<\/p>\n<h5 style=\"text-align: left;\">Realitzem el subministrament, prefabricaci\u00f3 i muntatge de canonades de servei<\/h5>\n<p>&nbsp;<\/p>\n<p style=\"text-align: left;\">\u2022 VAPOR I CONDENSATS.<br \/>\n\u2022 FUEL-OIL.<br \/>\n\u2022 AIGUA-AIRE-N2.<br \/>\n\u2022 L\u00cdNIES DE FRIO.GLICOL, SALMORRA I FLUIDS EN GENERAL.<br \/>\n\u2022 L\u00cdNIES PER A DIP\u00d2SITS D&#8217;EMMAGATZEMATGE.<br \/>\n\u2022 CALDERERIA LLEUGERA: PROTECCIONS DE BOMBES, TREMUGES I CONTENIDORS.<br \/>\n\u2022 ESTRUCTURES MET\u00c0L\u00b7LIQUES, SOPORTACIONS I RACKS.<br \/>\n\u2022 ESCALES I PLATAFORMES.<br \/>\n\u2022 MUNTATGE I DESMUNTATGE D&#8217;EQUIPS.<\/p>\n<p>[\/vc_column_text][vc_separator type=&#8221;transparent&#8221; thickness=&#8221;0&#8243; up=&#8221;33&#8243; down=&#8221;0&#8243;][vc_column_text]<\/p>\n<h5 style=\"text-align: left;\">Legalitzaci\u00f3 d&#8217;equips i instal\u00b7lacions<\/h5>\n<p>&nbsp;<\/p>\n<p style=\"text-align: left;\">\u2022 Elaboraci\u00f3 del PROJECTE DE LEGALITZACI\u00d3.<br \/>\n\u2022 Contractaci\u00f3 de l&#8217;EIC (Entitat d&#8217;Inspecci\u00f3 i Control).<br \/>\n\u2022 Realitzaci\u00f3 de proves de pressi\u00f3.<br \/>\n\u2022 Instal\u00b7laci\u00f3 de plaques d&#8217;Ind\u00fastria.<br \/>\n\u2022 Precintat d&#8217;elements de seguretat.<br \/>\n\u2022 Lliurament dossier final.<\/p>\n<p>[\/vc_column_text][vc_separator type=&#8221;transparent&#8221; thickness=&#8221;0&#8243; up=&#8221;33&#8243; down=&#8221;0&#8243;][vc_column_text]<\/p>\n<h5 style=\"text-align: left;\">Comprom\u00eds de qualitat<\/h5>\n<p>&nbsp;<\/p>\n<p style=\"text-align: left;\">Amb l&#8217;objectiu de mantenir una millora constant en el servei, ens basem en oferir una qualitat d&#8217;acord amb els nostres principis.<\/p>\n<p style=\"text-align: left;\">\u2022 Qualitat del servei.<br \/>\n\u2022 M\u00e0xima efici\u00e8ncia.<br \/>\n\u2022 Tractament personalitzat.<br \/>\n\u2022 Professionalitat i extrema confidencialitat.<\/p>\n<p>[\/vc_column_text][vc_separator type=&#8221;transparent&#8221; thickness=&#8221;0&#8243; up=&#8221;70&#8243; down=&#8221;0&#8243;][\/vc_column][vc_column offset=&#8221;vc_col-lg-6 vc_col-md-6&#8243;][vc_single_image image=&#8221;588&#8243; img_size=&#8221;900X800&#8243; qode_css_animation=&#8221;&#8221;][vc_separator type=&#8221;transparent&#8221; thickness=&#8221;0&#8243; up=&#8221;45&#8243; down=&#8221;0&#8243;][vc_single_image image=&#8221;979&#8243; img_size=&#8221;800X900&#8243; qode_css_animation=&#8221;&#8221;][\/vc_column][\/vc_row][vc_row css_animation=&#8221;&#8221; row_type=&#8221;row&#8221; use_row_as_full_screen_section=&#8221;no&#8221; type=&#8221;grid&#8221; angled_section=&#8221;no&#8221; text_align=&#8221;left&#8221; background_image_as_pattern=&#8221;without_pattern&#8221; css=&#8221;.vc_custom_1621505881731{padding-top: 100px !important;padding-bottom: 70px !important;}&#8221; z_index=&#8221;&#8221;][vc_column width=&#8221;1\/2&#8243;][vc_column_text]<\/p>\n<h2>Projectes<\/h2>\n<p>[\/vc_column_text][vc_separator type=&#8221;small&#8221; position=&#8221;left&#8221;][vc_column_text]<\/p>\n<h4 style=\"text-align: justify;\">Comptem amb un equip d&#8217;especialistes per a la creaci\u00f3 i el disseny dels projestes, el subministrament i la construcci\u00f3 de totes les parts, aix\u00ed com la posada en marxa de les instal\u00b7lacions.<\/h4>\n<p>&nbsp;<\/p>\n<p id=\"tw-target-text\" class=\"tw-data-text tw-text-large XcVN5d tw-ta\" dir=\"ltr\" data-placeholder=\"Traducci\u00f3n\"><span class=\"Y2IQFc\" lang=\"ca\">Alcesa, disposa del personal qualificat i adequat, per l&#8217;utilizaci\u00f3 dels \u00faltims programes de disseny.<\/span><\/p>\n<p>&nbsp;<\/p>\n<ul>\n<li style=\"text-align: justify;\">Autocad 2D &amp; 3D \u2013 Disseny Industrial<\/li>\n<li style=\"text-align: justify;\">Autocad Plant 3D \u2013 Disseny Plantes<\/li>\n<li style=\"text-align: justify;\">Navisworks Manage \u2013 Maquetes 3D Plantes<\/li>\n<li style=\"text-align: justify;\">Recap Pro \u2013 Visualitzaci\u00f3 n\u00favols de punts<\/li>\n<\/ul>\n<p>[\/vc_column_text][vc_separator type=&#8221;transparent&#8221; thickness=&#8221;0&#8243; up=&#8221;33&#8243; down=&#8221;0&#8243;][vc_column_text]<\/p>\n<p style=\"text-align: justify;\"><span style=\"font-size: 14pt;\">EMPRESA INSTAL\u00b7LADORA D&#8217;APARELLS A PRESSI\u00d3 EIP-2 i amb N\u00ba d&#8217;Inscripci\u00f3 al registre EIP: 106001471\u00a0<\/span><\/p>\n<p>&nbsp;<\/p>\n<p style=\"text-align: justify;\"><span style=\"font-size: 14pt;\">EMPRESA REPARADORA D&#8217;APARELLS A PRESSI\u00d3 ERP-2 i amb N\u00ba d&#8217;Inscripci\u00f3 al registre ERP: 106001471\u00a0<\/span><\/p>\n<h3 style=\"text-align: justify;\"><\/h3>\n<p>[\/vc_column_text][vc_separator type=&#8221;transparent&#8221; thickness=&#8221;0&#8243; up=&#8221;33&#8243; down=&#8221;0&#8243;][vc_column_text][\/vc_column_text][vc_separator type=&#8221;transparent&#8221; thickness=&#8221;0&#8243; up=&#8221;70&#8243; down=&#8221;0&#8243;][\/vc_column][vc_column width=&#8221;1\/2&#8243;][vc_single_image image=&#8221;590&#8243; img_size=&#8221;full&#8221; qode_css_animation=&#8221;&#8221;][vc_separator type=&#8221;transparent&#8221; thickness=&#8221;0&#8243; up=&#8221;70&#8243; down=&#8221;0&#8243;][\/vc_column][\/vc_row][vc_row css_animation=&#8221;&#8221; row_type=&#8221;row&#8221; use_row_as_full_screen_section=&#8221;no&#8221; type=&#8221;grid&#8221; angled_section=&#8221;no&#8221; text_align=&#8221;center&#8221; background_image_as_pattern=&#8221;without_pattern&#8221; background_color=&#8221;#f7f7f7&#8243; css=&#8221;.vc_custom_1621505890858{padding-top: 126px !important;padding-bottom: 86px !important;}&#8221; z_index=&#8221;&#8221;][vc_column offset=&#8221;vc_col-lg-6 vc_col-md-6&#8243;][vc_column_text]<\/p>\n<h2 style=\"text-align: left;\">Parades t\u00e8cniques<\/h2>\n<p>[\/vc_column_text][vc_separator type=&#8221;small&#8221; position=&#8221;left&#8221;][vc_separator type=&#8221;transparent&#8221; thickness=&#8221;0&#8243; up=&#8221;33&#8243; down=&#8221;0&#8243;][vc_separator type=&#8221;transparent&#8221; thickness=&#8221;0&#8243; up=&#8221;33&#8243; down=&#8221;0&#8243;][vc_separator type=&#8221;transparent&#8221; thickness=&#8221;0&#8243; up=&#8221;33&#8243; down=&#8221;0&#8243;][vc_separator type=&#8221;transparent&#8221; thickness=&#8221;0&#8243; up=&#8221;33&#8243; down=&#8221;0&#8243;][vc_column_text]<\/p>\n<h4><\/h4>\n<h4><\/h4>\n<h4><\/h4>\n<p>&nbsp;<\/p>\n<h4><\/h4>\n<h4><\/h4>\n<h4><\/h4>\n<h4><\/h4>\n<h4><\/h4>\n<p>&nbsp;<\/p>\n<h4 style=\"text-align: left;\">Realitzem parades t\u00e8cniques programades en plantes,<\/h4>\n<h4 style=\"text-align: left;\">ja sigui de manteniment o renovaci\u00f3 d&#8217;instal\u00b7lacions.<\/h4>\n<p>[\/vc_column_text][vc_separator type=&#8221;transparent&#8221; thickness=&#8221;0&#8243; up=&#8221;33&#8243; down=&#8221;0&#8243;][vc_column_text]<\/p>\n<p>&nbsp;<\/p>\n<p>[\/vc_column_text][\/vc_column][vc_column offset=&#8221;vc_col-lg-6 vc_col-md-6&#8243;][vc_single_image image=&#8221;589&#8243; img_size=&#8221;full&#8221; qode_css_animation=&#8221;&#8221;][\/vc_column][\/vc_row][vc_row css_animation=&#8221;&#8221; row_type=&#8221;row&#8221; use_row_as_full_screen_section=&#8221;no&#8221; type=&#8221;full_width&#8221; angled_section=&#8221;no&#8221; text_align=&#8221;center&#8221; background_image_as_pattern=&#8221;without_pattern&#8221;][vc_column]<div class=\"call_to_action simple\" style=\"background-color: #2b2c2e;padding-top: 40px;padding-bottom: 40px;\"><div class=\"container_inner\"><div class=\"text_wrapper column1\"><div class=\"call_to_action_text  font_size_inherit font_weight_inherit letter_spacing_inherit\" style=\"font-size:16px;font-weight: 600;letter-spacing: -1px;\"><\/div><a itemprop=\"url\" href=\"https:\/\/alcesasl.com\/ca\/contacte\/\" class=\"qbutton white medium\" target=\"_self\" style=\"\" data-hover-background-color=#ffffff data-hover-color=#303030>sol\u00b7licitud pressupost<\/a><\/div><\/div><\/div>[\/vc_column][\/vc_row]<\/p>\n<\/div>","protected":false},"excerpt":{"rendered":"<p>[vc_row css_animation=&#8221;&#8221; row_type=&#8221;row&#8221; use_row_as_full_screen_section=&#8221;no&#8221; type=&#8221;grid&#8221; angled_section=&#8221;no&#8221; text_align=&#8221;left&#8221; background_image_as_pattern=&#8221;without_pattern&#8221; css=&#8221;.vc_custom_1621505881731{padding-top: 100px !important;padding-bottom: 70px !important;}&#8221; z_index=&#8221;&#8221;][vc_column width=&#8221;1\/2&#8243;][vc_column_text] Mantenimient [\/vc_column_text][vc_separator type=&#8221;small&#8221; position=&#8221;left&#8221;][vc_column_text] Realitzem serveis de manteniment multit\u00e8cnic, tant preventiu com correctiu,\u00a0 de plantes industrials del sector: &nbsp; \u2013 Alimentari \u2013 Qu\u00edmic \u2013 Farmac\u00e8utic \u2013 Cosm\u00e8tic [\/vc_column_text][vc_separator type=&#8221;transparent&#8221; thickness=&#8221;0&#8243;&#8230;<\/p>\n","protected":false},"author":1,"featured_media":0,"parent":0,"menu_order":0,"comment_status":"closed","ping_status":"closed","template":"full_width.php","meta":{"footnotes":""},"class_list":["post-636","page","type-page","status-publish","hentry"],"_links":{"self":[{"href":"https:\/\/alcesasl.com\/ca\/wp-json\/wp\/v2\/pages\/636","targetHints":{"allow":["GET"]}}],"collection":[{"href":"https:\/\/alcesasl.com\/ca\/wp-json\/wp\/v2\/pages"}],"about":[{"href":"https:\/\/alcesasl.com\/ca\/wp-json\/wp\/v2\/types\/page"}],"author":[{"embeddable":true,"href":"https:\/\/alcesasl.com\/ca\/wp-json\/wp\/v2\/users\/1"}],"replies":[{"embeddable":true,"href":"https:\/\/alcesasl.com\/ca\/wp-json\/wp\/v2\/comments?post=636"}],"version-history":[{"count":78,"href":"https:\/\/alcesasl.com\/ca\/wp-json\/wp\/v2\/pages\/636\/revisions"}],"predecessor-version":[{"id":1215,"href":"https:\/\/alcesasl.com\/ca\/wp-json\/wp\/v2\/pages\/636\/revisions\/1215"}],"wp:attachment":[{"href":"https:\/\/alcesasl.com\/ca\/wp-json\/wp\/v2\/media?parent=636"}],"curies":[{"name":"wp","href":"https:\/\/api.w.org\/{rel}","templated":true}]}}