{"id":607,"date":"2016-02-10T08:59:44","date_gmt":"2016-02-10T08:59:44","guid":{"rendered":"https:\/\/alcesasl.com\/home\/"},"modified":"2021-11-12T11:31:12","modified_gmt":"2021-11-12T11:31:12","slug":"home","status":"publish","type":"page","link":"https:\/\/alcesasl.com\/ca\/","title":{"rendered":"Inici"},"content":{"rendered":"<div class=\"wpb-content-wrapper\"><p>[vc_row css_animation=&#8221;&#8221; row_type=&#8221;row&#8221; use_row_as_full_screen_section=&#8221;no&#8221; type=&#8221;grid&#8221; angled_section=&#8221;no&#8221; text_align=&#8221;left&#8221; background_image_as_pattern=&#8221;without_pattern&#8221; css=&#8221;.vc_custom_1455792249457{padding-top: 148px !important;padding-bottom: 94px !important;}&#8221;][vc_column offset=&#8221;vc_col-lg-4 vc_col-md-4&#8243;]<div class='q_icon_with_title tiny normal_icon '><div class=\"icon_holder \" style=\" \"><span data-icon-type=\"normal\"  data-icon-hover-color=\"#ffcc00\" style=\"font-size: 60px;\" class=\"qode_iwt_icon_holder q_font_awsome_icon fa-lg  \"><i class=\"qode_icon_font_awesome fa fa-industry qode_iwt_icon_element\" style=\"color: #acacac;\" ><\/i><\/span><\/div><div class=\"icon_text_holder\" style=\"padding-left:92px;\"><div class=\"icon_text_inner\" style=\"\"><h3 class=\"icon_title\" style=\"font-weight: 700;\">MUNTATGES INDUSTRIALS<\/h3><div class=\"separator small left\" style=\"height: 2px;width: 20px;margin-top: 7px;margin-bottom: 21px;\"><\/div><p style=''><b>Manteniment de plantes:<\/b> Qu\u00edmiques, Farmac\u00e8utiques, Aliment\u00e0ries i Cosm\u00e8tiques.<\/p><a itemprop='url' class='icon_with_title_link' href='https:\/\/alcesasl.com\/ca\/serveis\/' target='_self' style='color: #303030;'>LLEGIR M\u00c9S<\/a><\/div><\/div><\/div>[vc_separator type=&#8221;transparent&#8221; thickness=&#8221;0&#8243; up=&#8221;27&#8243; down=&#8221;0&#8243;][\/vc_column][vc_column offset=&#8221;vc_col-lg-4 vc_col-md-4&#8243;]<div class='q_icon_with_title tiny normal_icon '><div class=\"icon_holder \" style=\" \"><span data-icon-type=\"normal\"  data-icon-hover-color=\"#ffcc00\" style=\"font-size: 60px;\" class=\"qode_iwt_icon_holder q_font_awsome_icon fa-lg  \"><i class=\"qodef-icon-linea-icon icon-basic-settings qode_iwt_icon_element\" style=\"color: #acacac;\" ><\/i><\/span><\/div><div class=\"icon_text_holder\" style=\"padding-left:92px;\"><div class=\"icon_text_inner\" style=\"\"><h3 class=\"icon_title\" style=\"font-weight: 700;\">MANTENIMIENT<\/h3><div class=\"separator small left\" style=\"height: 2px;width: 20px;margin-top: 7px;margin-bottom: 21px;\"><\/div><p style=''>Disposem d'un equip de professionals en diferents disciplines, amb una llarga experi\u00e8ncia.<\/p><a itemprop='url' class='icon_with_title_link' href='https:\/\/alcesasl.com\/ca\/serveis\/' target='_self' style='color: #303030;'>LLEGIR M\u00c9S<\/a><\/div><\/div><\/div>[vc_separator type=&#8221;transparent&#8221; thickness=&#8221;0&#8243; up=&#8221;27&#8243; down=&#8221;0&#8243;][\/vc_column][vc_column offset=&#8221;vc_col-lg-4 vc_col-md-4&#8243;]<div class='q_icon_with_title tiny normal_icon '><div class=\"icon_holder \" style=\" \"><span data-icon-type=\"normal\"  data-icon-hover-color=\"#ffcc00\" style=\"font-size: 60px;\" class=\"qode_iwt_icon_holder q_font_awsome_icon fa-lg  \"><i class=\"qodef-icon-linea-icon icon-basic-pencil-ruler qode_iwt_icon_element\" style=\"color: #acacac;\" ><\/i><\/span><\/div><div class=\"icon_text_holder\" style=\"padding-left:92px;\"><div class=\"icon_text_inner\" style=\"\"><h3 class=\"icon_title\" style=\"font-weight: 700;\">PARADES T\u00c8CNIQUES<\/h3><div class=\"separator small left\" style=\"height: 2px;width: 20px;margin-top: 7px;margin-bottom: 21px;\"><\/div><p style=''>Realitzem parades t\u00e8cniques programades en plantes, ja sigui de manteniment o renovaci\u00f3 d'instal\u00b7lacions.<\/p><a itemprop='url' class='icon_with_title_link' href='https:\/\/alcesasl.com\/ca\/serveis\/' target='_self' style='color: #303030;'>LLEGIR M\u00c9S<\/a><\/div><\/div><\/div>[vc_separator type=&#8221;transparent&#8221; thickness=&#8221;0&#8243; up=&#8221;27&#8243; down=&#8221;0&#8243;][\/vc_column][\/vc_row][vc_row css_animation=&#8221;&#8221; row_type=&#8221;row&#8221; use_row_as_full_screen_section=&#8221;no&#8221; type=&#8221;grid&#8221; angled_section=&#8221;no&#8221; text_align=&#8221;center&#8221; background_image_as_pattern=&#8221;without_pattern&#8221; background_color=&#8221;#f7f7f7&#8243; css=&#8221;.vc_custom_1621580736420{padding-top: 126px !important;padding-bottom: 46px !important;}&#8221; z_index=&#8221;&#8221;][vc_column offset=&#8221;vc_col-lg-6 vc_col-md-6&#8243;][vc_separator type=&#8221;transparent&#8221; thickness=&#8221;0&#8243; up=&#8221;20&#8243; down=&#8221;0&#8243;][vc_column_text]<\/p>\n<h2>Projectes<\/h2>\n<p>[\/vc_column_text][vc_separator type=&#8221;small&#8221; position=&#8221;center&#8221;][vc_column_text]<\/p>\n<h4 style=\"text-align: justify;\">Comptem amb un equip d&#8217;especialistes per a la creaci\u00f3 i el disseny dels projestes, el subministrament i la construcci\u00f3 de totes les parts, aix\u00ed com la posada en marxa de les instal\u00b7lacions.<\/h4>\n<p>&nbsp;<\/p>\n<p id=\"tw-target-text\" class=\"tw-data-text tw-text-large XcVN5d tw-ta\" dir=\"ltr\" style=\"text-align: justify;\" data-placeholder=\"Traducci\u00f3n\"><span class=\"Y2IQFc\" lang=\"ca\">Alcesa, disposa del personal qualificat i adequat, per l&#8217;utilizaci\u00f3 dels \u00faltims programes de disseny.<\/span><\/p>\n<p>&nbsp;<\/p>\n<ul>\n<li style=\"text-align: justify;\">Autocad 2D &amp; 3D \u2013 Disseny Industrial<\/li>\n<li style=\"text-align: justify;\">Autocad Plant 3D \u2013 Disseny Plantes<\/li>\n<li style=\"text-align: justify;\">Navisworks Manage \u2013 Maquetes 3D Plantes<\/li>\n<li style=\"text-align: justify;\">Recap Pro \u2013 Visualitzaci\u00f3 n\u00favols de punts<\/li>\n<\/ul>\n<p>[\/vc_column_text][vc_separator type=&#8221;transparent&#8221; thickness=&#8221;0&#8243; up=&#8221;33&#8243; down=&#8221;0&#8243;][vc_column_text]<\/p>\n<p style=\"text-align: justify;\"><span style=\"font-size: 14pt;\">EMPRESA INSTAL\u00b7LADORA D&#8217;APARELLS A PRESSI\u00d3 EIP-2 i amb N\u00ba d&#8217;Inscripci\u00f3 al registre EIP: 106001471\u00a0<\/span><\/p>\n<p>&nbsp;<\/p>\n<p style=\"text-align: justify;\"><span style=\"font-size: 14pt;\">EMPRESA REPARADORA D&#8217;APARELLS A PRESSI\u00d3 ERP-2 i amb N\u00ba d&#8217;Inscripci\u00f3 al registre ERP: 106001471\u00a0<\/span><\/p>\n<p>[\/vc_column_text][vc_separator type=&#8221;transparent&#8221; thickness=&#8221;0&#8243; up=&#8221;40&#8243; down=&#8221;0&#8243;][vc_column_text][\/vc_column_text][vc_separator type=&#8221;transparent&#8221; thickness=&#8221;0&#8243; up=&#8221;70&#8243; down=&#8221;0&#8243;][\/vc_column][vc_column offset=&#8221;vc_col-lg-6 vc_col-md-6&#8243;][vc_separator type=&#8221;transparent&#8221; thickness=&#8221;0&#8243; up=&#8221;110&#8243; down=&#8221;0&#8243;][vc_single_image image=&#8221;574&#8243; img_size=&#8221;full&#8221; qode_css_animation=&#8221;&#8221;][vc_separator type=&#8221;transparent&#8221; thickness=&#8221;0&#8243; up=&#8221;70&#8243; down=&#8221;0&#8243;][\/vc_column][\/vc_row][vc_row css_animation=&#8221;&#8221; row_type=&#8221;row&#8221; use_row_as_full_screen_section=&#8221;no&#8221; type=&#8221;grid&#8221; angled_section=&#8221;no&#8221; text_align=&#8221;left&#8221; background_image_as_pattern=&#8221;without_pattern&#8221; css=&#8221;.vc_custom_1621580802346{padding-top: 60px !important;padding-bottom: 80px !important;background-color: #ffffff !important;}&#8221; z_index=&#8221;&#8221;][vc_column]<div class='qode_carousels_holder clearfix'><div class='qode_carousels' data-number-of-visible-items='5'><ul class='slides'><li class='item'><div class=\"carousel_item_holder\"><span class='first_image_holder has_hover_image'><img decoding=\"async\" itemprop=\"image\" src=\"https:\/\/alcesasl.com\/wp-content\/uploads\/2021\/06\/logo-tepsa-370x217-1.png\" alt=\"carousel image\" \/><\/span><span class='second_image_holder has_hover_image'><img decoding=\"async\" itemprop=\"image\" src=\"https:\/\/alcesasl.com\/wp-content\/uploads\/2021\/06\/logo-tepsa-370x217-gris.png\" alt=\"carousel image\" \/><\/span><\/div><\/li><li class='item'><div class=\"carousel_item_holder\"><span class='first_image_holder has_hover_image'><img decoding=\"async\" itemprop=\"image\" src=\"https:\/\/alcesasl.com\/wp-content\/uploads\/2021\/09\/logo-morchem-2.jpg\" alt=\"carousel image\" \/><\/span><span class='second_image_holder has_hover_image'><img decoding=\"async\" itemprop=\"image\" src=\"https:\/\/alcesasl.com\/wp-content\/uploads\/2021\/09\/logo-morchem-gris-2.jpg\" alt=\"carousel image\" \/><\/span><\/div><\/li><li class='item'><div class=\"carousel_item_holder\"><span class='first_image_holder has_hover_image'><img decoding=\"async\" itemprop=\"image\" src=\"https:\/\/alcesasl.com\/wp-content\/uploads\/2021\/05\/logo-byeb.png\" alt=\"carousel image\" \/><\/span><span class='second_image_holder has_hover_image'><img decoding=\"async\" itemprop=\"image\" src=\"https:\/\/alcesasl.com\/wp-content\/uploads\/2021\/05\/logo-byeb-gris.png\" alt=\"carousel image\" \/><\/span><\/div><\/li><li class='item'><div class=\"carousel_item_holder\"><span class='first_image_holder has_hover_image'><img decoding=\"async\" itemprop=\"image\" src=\"https:\/\/alcesasl.com\/wp-content\/uploads\/2021\/05\/logo-bunge.jpg\" alt=\"carousel image\" \/><\/span><span class='second_image_holder has_hover_image'><img decoding=\"async\" itemprop=\"image\" src=\"https:\/\/alcesasl.com\/wp-content\/uploads\/2021\/05\/logo-bunge-gris.jpg\" alt=\"carousel image\" \/><\/span><\/div><\/li><li class='item'><div class=\"carousel_item_holder\"><span class='first_image_holder has_hover_image'><img decoding=\"async\" itemprop=\"image\" src=\"https:\/\/alcesasl.com\/wp-content\/uploads\/2021\/05\/logo_comatec.jpg\" alt=\"carousel image\" \/><\/span><span class='second_image_holder has_hover_image'><img decoding=\"async\" itemprop=\"image\" src=\"https:\/\/alcesasl.com\/wp-content\/uploads\/2021\/05\/logo_comatec-gris.jpg\" alt=\"carousel image\" \/><\/span><\/div><\/li><li class='item'><div class=\"carousel_item_holder\"><span class='first_image_holder has_hover_image'><img decoding=\"async\" itemprop=\"image\" src=\"https:\/\/alcesasl.com\/wp-content\/uploads\/2021\/06\/logo-basf.jpg\" alt=\"carousel image\" \/><\/span><span class='second_image_holder has_hover_image'><img decoding=\"async\" itemprop=\"image\" src=\"https:\/\/alcesasl.com\/wp-content\/uploads\/2021\/06\/logo-basf.jpg\" alt=\"carousel image\" \/><\/span><\/div><\/li><\/ul><\/div><\/div>[\/vc_column][\/vc_row][vc_row css_animation=&#8221;&#8221; row_type=&#8221;row&#8221; use_row_as_full_screen_section=&#8221;no&#8221; type=&#8221;full_width&#8221; angled_section=&#8221;no&#8221; text_align=&#8221;center&#8221; background_image_as_pattern=&#8221;without_pattern&#8221;][vc_column]<div class=\"call_to_action simple\" style=\"background-color: #2b2c2e;padding-top: 40px;padding-bottom: 40px;\"><div class=\"container_inner\"><div class=\"text_wrapper column1\"><div class=\"call_to_action_text  font_size_inherit font_weight_inherit letter_spacing_inherit\" style=\"font-size:16px;font-weight: 600;letter-spacing: -1px;\"><\/div><a itemprop=\"url\" href=\"https:\/\/alcesasl.com\/ca\/contacte\/\" class=\"qbutton white medium\" target=\"_self\" style=\"\" data-hover-background-color=#ffffff data-hover-color=#303030>sol\u00b7licitud pressupost<\/a><\/div><\/div><\/div>[\/vc_column][\/vc_row]<\/p>\n<\/div>","protected":false},"excerpt":{"rendered":"<p>[vc_row css_animation=&#8221;&#8221; row_type=&#8221;row&#8221; use_row_as_full_screen_section=&#8221;no&#8221; type=&#8221;grid&#8221; angled_section=&#8221;no&#8221; text_align=&#8221;left&#8221; background_image_as_pattern=&#8221;without_pattern&#8221; css=&#8221;.vc_custom_1455792249457{padding-top: 148px !important;padding-bottom: 94px !important;}&#8221;][vc_column offset=&#8221;vc_col-lg-4 vc_col-md-4&#8243;][vc_separator type=&#8221;transparent&#8221; thickness=&#8221;0&#8243; up=&#8221;27&#8243; down=&#8221;0&#8243;][\/vc_column][vc_column offset=&#8221;vc_col-lg-4 vc_col-md-4&#8243;][vc_separator type=&#8221;transparent&#8221; thickness=&#8221;0&#8243; up=&#8221;27&#8243; down=&#8221;0&#8243;][\/vc_column][vc_column offset=&#8221;vc_col-lg-4 vc_col-md-4&#8243;][vc_separator type=&#8221;transparent&#8221; thickness=&#8221;0&#8243; up=&#8221;27&#8243; down=&#8221;0&#8243;][\/vc_column][\/vc_row][vc_row css_animation=&#8221;&#8221; row_type=&#8221;row&#8221; use_row_as_full_screen_section=&#8221;no&#8221; type=&#8221;grid&#8221; angled_section=&#8221;no&#8221; text_align=&#8221;center&#8221; background_image_as_pattern=&#8221;without_pattern&#8221; background_color=&#8221;#f7f7f7&#8243; css=&#8221;.vc_custom_1621580736420{padding-top: 126px !important;padding-bottom: 46px !important;}&#8221; z_index=&#8221;&#8221;][vc_column&#8230;<\/p>\n","protected":false},"author":1,"featured_media":0,"parent":0,"menu_order":0,"comment_status":"closed","ping_status":"closed","template":"full_width.php","meta":{"footnotes":""},"class_list":["post-607","page","type-page","status-publish","hentry"],"_links":{"self":[{"href":"https:\/\/alcesasl.com\/ca\/wp-json\/wp\/v2\/pages\/607","targetHints":{"allow":["GET"]}}],"collection":[{"href":"https:\/\/alcesasl.com\/ca\/wp-json\/wp\/v2\/pages"}],"about":[{"href":"https:\/\/alcesasl.com\/ca\/wp-json\/wp\/v2\/types\/page"}],"author":[{"embeddable":true,"href":"https:\/\/alcesasl.com\/ca\/wp-json\/wp\/v2\/users\/1"}],"replies":[{"embeddable":true,"href":"https:\/\/alcesasl.com\/ca\/wp-json\/wp\/v2\/comments?post=607"}],"version-history":[{"count":54,"href":"https:\/\/alcesasl.com\/ca\/wp-json\/wp\/v2\/pages\/607\/revisions"}],"predecessor-version":[{"id":1201,"href":"https:\/\/alcesasl.com\/ca\/wp-json\/wp\/v2\/pages\/607\/revisions\/1201"}],"wp:attachment":[{"href":"https:\/\/alcesasl.com\/ca\/wp-json\/wp\/v2\/media?parent=607"}],"curies":[{"name":"wp","href":"https:\/\/api.w.org\/{rel}","templated":true}]}}